{"id":16,"date":"2019-08-13T18:15:13","date_gmt":"2019-08-13T18:15:13","guid":{"rendered":"http:\/\/35.222.113.45\/?page_id=16"},"modified":"2019-08-13T13:59:14","modified_gmt":"2019-08-13T18:59:14","slug":"marco-juridico","status":"publish","type":"page","link":"https:\/\/finanzas.congresocdmx.gob.mx\/index.php\/marco-juridico\/","title":{"rendered":"Marco Jur\u00eddico"},"content":{"rendered":"\n<p>Constituci\u00f3n\nPol\u00edtica de los Estados Unidos Mexicanos<\/p>\n\n\n\n<ul class=\"wp-block-list\"><li>\nLey\n\tFederal de Presupuesto y Responsabilidad Hacendaria\n\t<\/li><li>\nLey\n\tFederal de Deuda P\u00fablica\n\t<\/li><li>\nLey\n\tde Coordinaci\u00f3n Fiscal\n\t<\/li><li>\nLey\n\tde Disciplina Financiera de las Entidades Federativas y los\n\tMunicipios\n\t<\/li><li>\nLey\n\tGeneral de Contabilidad Gubernamental\n\t<\/li><li>\nLey\n\tFederal de Planeaci\u00f3n\n\t<\/li><li>\nLey\n\tFederal de Responsabilidades Administrativas de los Servidores\n\tP\u00fablicos\n\t<\/li><li>\nC\u00f3digo\n\tFiscal de la Federaci\u00f3n (Ejercicio fiscal correspondiente)\n\t<\/li><li>\nLey\n\tde Ingresos de la Federaci\u00f3n (Ejercicio fiscal correspondiente)\n\t<\/li><li>\nDecreto\n\tde Presupuesto de Egresos de la Federaci\u00f3n (Ejercicio fiscal\n\tcorrespondiente)\n<\/li><\/ul>\n\n\n\n<p>Constituci\u00f3n\nPol\u00edtica de la Ciudad de M\u00e9xico<\/p>\n\n\n\n<ul class=\"wp-block-list\"><li>\nLey\n\tOrg\u00e1nica del Congreso de la Ciudad de M\u00e9xico\n\t<\/li><li>\nLey\n\tOrg\u00e1nica de las Alcald\u00edas de la Ciudad de M\u00e9xico\n\t<\/li><li>\nLey\n\tOrg\u00e1nica del Poder Ejecutivo y la Administraci\u00f3n P\u00fablica de la\n\tCiudad de M\u00e9xico\n\t<\/li><li>\nLey\n\tde Austeridad, Transparencia en Remuneraciones, Prestaciones y\n\tEjercicio de Recursos de la Ciudad de M\u00e9xico\n\t<\/li><li>\nLey\n\tde Fiscalizaci\u00f3n Superior de la Ciudad de M\u00e9xico.\n\t<\/li><li>\nC\u00f3digo\n\tFiscal de la Ciudad de M\u00e9xico (Ejercicio fiscal correspondiente)\n\t<\/li><li>\nLey\n\tde Ingresos de la Ciudad de M\u00e9xico (Ejercicio fiscal\n\tcorrespondiente)\n\t<\/li><li>\nDecreto\n\tde Presupuesto de Egresos de la Ciudad de M\u00e9xico (Ejercicio fiscal\n\tcorrespondiente) \n\t\n\t<\/li><li>\nLey\n\tde Responsabilidades Administrativas de la Ciudad de M\u00e9xico\n\t<\/li><li>\nLey\n\tde Transparencia y Acceso a la Informaci\u00f3n P\u00fablica y Rendici\u00f3n de\n\tCuentas de la Ciudad de M\u00e9xico\n<\/li><\/ul>\n","protected":false},"excerpt":{"rendered":"<p>Constituci\u00f3n Pol\u00edtica de los Estados Unidos Mexicanos Ley Federal de Presupuesto y Responsabilidad Hacendaria Ley Federal de Deuda P\u00fablica Ley de Coordinaci\u00f3n Fiscal Ley de Disciplina Financiera de las Entidades Federativas y los Municipios Ley General de Contabilidad Gubernamental Ley Federal de Planeaci\u00f3n Ley Federal de Responsabilidades Administrativas de los Servidores P\u00fablicos C\u00f3digo Fiscal de [&hellip;]<\/p>\n","protected":false},"author":2,"featured_media":0,"parent":0,"menu_order":0,"comment_status":"closed","ping_status":"closed","template":"","meta":{"site-sidebar-layout":"default","site-content-layout":"","ast-site-content-layout":"default","site-content-style":"default","site-sidebar-style":"default","ast-global-header-display":"","ast-banner-title-visibility":"","ast-main-header-display":"","ast-hfb-above-header-display":"","ast-hfb-below-header-display":"","ast-hfb-mobile-header-display":"","site-post-title":"","ast-breadcrumbs-content":"","ast-featured-img":"","footer-sml-layout":"","ast-disable-related-posts":"","theme-transparent-header-meta":"","adv-header-id-meta":"","stick-header-meta":"","header-above-stick-meta":"","header-main-stick-meta":"","header-below-stick-meta":"","astra-migrate-meta-layouts":"default","ast-page-background-enabled":"default","ast-page-background-meta":{"desktop":{"background-color":"var(--ast-global-color-5)","background-image":"","background-repeat":"repeat","background-position":"center center","background-size":"auto","background-attachment":"scroll","background-type":"","background-media":"","overlay-type":"","overlay-color":"","overlay-opacity":"","overlay-gradient":""},"tablet":{"background-color":"","background-image":"","background-repeat":"repeat","background-position":"center center","background-size":"auto","background-attachment":"scroll","background-type":"","background-media":"","overlay-type":"","overlay-color":"","overlay-opacity":"","overlay-gradient":""},"mobile":{"background-color":"","background-image":"","background-repeat":"repeat","background-position":"center center","background-size":"auto","background-attachment":"scroll","background-type":"","background-media":"","overlay-type":"","overlay-color":"","overlay-opacity":"","overlay-gradient":""}},"ast-content-background-meta":{"desktop":{"background-color":"var(--ast-global-color-4)","background-image":"","background-repeat":"repeat","background-position":"center center","background-size":"auto","background-attachment":"scroll","background-type":"","background-media":"","overlay-type":"","overlay-color":"","overlay-opacity":"","overlay-gradient":""},"tablet":{"background-color":"var(--ast-global-color-4)","background-image":"","background-repeat":"repeat","background-position":"center center","background-size":"auto","background-attachment":"scroll","background-type":"","background-media":"","overlay-type":"","overlay-color":"","overlay-opacity":"","overlay-gradient":""},"mobile":{"background-color":"var(--ast-global-color-4)","background-image":"","background-repeat":"repeat","background-position":"center center","background-size":"auto","background-attachment":"scroll","background-type":"","background-media":"","overlay-type":"","overlay-color":"","overlay-opacity":"","overlay-gradient":""}},"footnotes":""},"class_list":["post-16","page","type-page","status-publish","hentry"],"_links":{"self":[{"href":"https:\/\/finanzas.congresocdmx.gob.mx\/index.php\/wp-json\/wp\/v2\/pages\/16","targetHints":{"allow":["GET"]}}],"collection":[{"href":"https:\/\/finanzas.congresocdmx.gob.mx\/index.php\/wp-json\/wp\/v2\/pages"}],"about":[{"href":"https:\/\/finanzas.congresocdmx.gob.mx\/index.php\/wp-json\/wp\/v2\/types\/page"}],"author":[{"embeddable":true,"href":"https:\/\/finanzas.congresocdmx.gob.mx\/index.php\/wp-json\/wp\/v2\/users\/2"}],"replies":[{"embeddable":true,"href":"https:\/\/finanzas.congresocdmx.gob.mx\/index.php\/wp-json\/wp\/v2\/comments?post=16"}],"version-history":[{"count":3,"href":"https:\/\/finanzas.congresocdmx.gob.mx\/index.php\/wp-json\/wp\/v2\/pages\/16\/revisions"}],"predecessor-version":[{"id":37,"href":"https:\/\/finanzas.congresocdmx.gob.mx\/index.php\/wp-json\/wp\/v2\/pages\/16\/revisions\/37"}],"wp:attachment":[{"href":"https:\/\/finanzas.congresocdmx.gob.mx\/index.php\/wp-json\/wp\/v2\/media?parent=16"}],"curies":[{"name":"wp","href":"https:\/\/api.w.org\/{rel}","templated":true}]}}