{"id":18,"date":"2019-08-13T18:15:40","date_gmt":"2019-08-13T18:15:40","guid":{"rendered":"http:\/\/35.222.113.45\/?page_id=18"},"modified":"2019-08-13T13:58:00","modified_gmt":"2019-08-13T18:58:00","slug":"metas-y-objetivos","status":"publish","type":"page","link":"https:\/\/finanzas.congresocdmx.gob.mx\/index.php\/metas-y-objetivos\/","title":{"rendered":"Metas y Objetivos"},"content":{"rendered":"\n<p><strong>Misi\u00f3n:<\/strong><\/p>\n\n\n\n<p>Ser\nel s\u00f3lido y oportuno apoyo a las tareas y responsabilidades que las\nleyes confieren al Congreso de la Ciudad de M\u00e9xico, en materia de\npol\u00edticas hacendarias y presupuestales de la entidad.<\/p>\n\n\n\n<p><strong>Visi\u00f3n:<\/strong><\/p>\n\n\n\n<p>Los\nan\u00e1lisis y estudios que se realicen o coordinen, se caracterizan por\ntener los m\u00e1s altos niveles de profesionalismo y solidez t\u00e9cnica;\nperfilados siempre con toda objetividad, imparcialidad y\ntransparencia. \n<\/p>\n\n\n\n<p><strong>Objetivo:<\/strong><\/p>\n\n\n\n<p>Elaborar\nestudios especializados, an\u00e1lisis, apoyos t\u00e9cnicos, configuraci\u00f3n\nde bases de datos, informaci\u00f3n y publicaciones, en la materia de\nfinanzas p\u00fablicas de la Ciudad de M\u00e9xico, que apoyen el desarrollo\nde las tareas legislativas de las comisiones, grupos parlamentarios,\ndiputados\ny diputadas\ndel Congreso de la Ciudad de M\u00e9xico.<\/p>\n","protected":false},"excerpt":{"rendered":"<p>Misi\u00f3n: Ser el s\u00f3lido y oportuno apoyo a las tareas y responsabilidades que las leyes confieren al Congreso de la Ciudad de M\u00e9xico, en materia de pol\u00edticas hacendarias y presupuestales de la entidad. Visi\u00f3n: Los an\u00e1lisis y estudios que se realicen o coordinen, se caracterizan por tener los m\u00e1s altos niveles de profesionalismo y solidez [&hellip;]<\/p>\n","protected":false},"author":2,"featured_media":0,"parent":0,"menu_order":0,"comment_status":"closed","ping_status":"closed","template":"","meta":{"site-sidebar-layout":"default","site-content-layout":"","ast-site-content-layout":"default","site-content-style":"default","site-sidebar-style":"default","ast-global-header-display":"","ast-banner-title-visibility":"","ast-main-header-display":"","ast-hfb-above-header-display":"","ast-hfb-below-header-display":"","ast-hfb-mobile-header-display":"","site-post-title":"","ast-breadcrumbs-content":"","ast-featured-img":"","footer-sml-layout":"","ast-disable-related-posts":"","theme-transparent-header-meta":"","adv-header-id-meta":"","stick-header-meta":"","header-above-stick-meta":"","header-main-stick-meta":"","header-below-stick-meta":"","astra-migrate-meta-layouts":"default","ast-page-background-enabled":"default","ast-page-background-meta":{"desktop":{"background-color":"var(--ast-global-color-5)","background-image":"","background-repeat":"repeat","background-position":"center center","background-size":"auto","background-attachment":"scroll","background-type":"","background-media":"","overlay-type":"","overlay-color":"","overlay-opacity":"","overlay-gradient":""},"tablet":{"background-color":"","background-image":"","background-repeat":"repeat","background-position":"center center","background-size":"auto","background-attachment":"scroll","background-type":"","background-media":"","overlay-type":"","overlay-color":"","overlay-opacity":"","overlay-gradient":""},"mobile":{"background-color":"","background-image":"","background-repeat":"repeat","background-position":"center center","background-size":"auto","background-attachment":"scroll","background-type":"","background-media":"","overlay-type":"","overlay-color":"","overlay-opacity":"","overlay-gradient":""}},"ast-content-background-meta":{"desktop":{"background-color":"var(--ast-global-color-4)","background-image":"","background-repeat":"repeat","background-position":"center center","background-size":"auto","background-attachment":"scroll","background-type":"","background-media":"","overlay-type":"","overlay-color":"","overlay-opacity":"","overlay-gradient":""},"tablet":{"background-color":"var(--ast-global-color-4)","background-image":"","background-repeat":"repeat","background-position":"center center","background-size":"auto","background-attachment":"scroll","background-type":"","background-media":"","overlay-type":"","overlay-color":"","overlay-opacity":"","overlay-gradient":""},"mobile":{"background-color":"var(--ast-global-color-4)","background-image":"","background-repeat":"repeat","background-position":"center center","background-size":"auto","background-attachment":"scroll","background-type":"","background-media":"","overlay-type":"","overlay-color":"","overlay-opacity":"","overlay-gradient":""}},"footnotes":""},"class_list":["post-18","page","type-page","status-publish","hentry"],"_links":{"self":[{"href":"https:\/\/finanzas.congresocdmx.gob.mx\/index.php\/wp-json\/wp\/v2\/pages\/18","targetHints":{"allow":["GET"]}}],"collection":[{"href":"https:\/\/finanzas.congresocdmx.gob.mx\/index.php\/wp-json\/wp\/v2\/pages"}],"about":[{"href":"https:\/\/finanzas.congresocdmx.gob.mx\/index.php\/wp-json\/wp\/v2\/types\/page"}],"author":[{"embeddable":true,"href":"https:\/\/finanzas.congresocdmx.gob.mx\/index.php\/wp-json\/wp\/v2\/users\/2"}],"replies":[{"embeddable":true,"href":"https:\/\/finanzas.congresocdmx.gob.mx\/index.php\/wp-json\/wp\/v2\/comments?post=18"}],"version-history":[{"count":2,"href":"https:\/\/finanzas.congresocdmx.gob.mx\/index.php\/wp-json\/wp\/v2\/pages\/18\/revisions"}],"predecessor-version":[{"id":19,"href":"https:\/\/finanzas.congresocdmx.gob.mx\/index.php\/wp-json\/wp\/v2\/pages\/18\/revisions\/19"}],"wp:attachment":[{"href":"https:\/\/finanzas.congresocdmx.gob.mx\/index.php\/wp-json\/wp\/v2\/media?parent=18"}],"curies":[{"name":"wp","href":"https:\/\/api.w.org\/{rel}","templated":true}]}}